{"id":27,"date":"2020-04-10T15:34:21","date_gmt":"2020-04-10T15:34:21","guid":{"rendered":"https:\/\/maquinouro.pt\/novosite\/?page_id=27"},"modified":"2020-04-16T15:40:31","modified_gmt":"2020-04-16T15:40:31","slug":"home","status":"publish","type":"page","link":"https:\/\/maquinouro.pt\/novosite\/","title":{"rendered":"Home"},"content":{"rendered":"<p>[vc_row el_id=&#8221;maquinouro&#8221;][vc_column width=&#8221;1\/3&#8243;][vc_single_image image=&#8221;34&#8243; img_size=&#8221;full&#8221;][\/vc_column][vc_column width=&#8221;2\/3&#8243;][vc_column_text]<\/p>\n<p style=\"text-align: justify;\">H\u00e1 nomes de empresas que dizem quase tudo sobre o que estas s\u00e3o e fazem. A MAQUINOURO e assim. Como facilmente se depreende, dedica-se \u00e0 comercializa\u00e7\u00e3o de m\u00e1quinas e ferramentas para a ind\u00fastria de ourivesaria e joalharia. Mas h\u00e1 muitas coisas que o nome n\u00e3o diz, n\u00e3o fala da qualidade dos artigos e da excel\u00eancia dos servi\u00e7os prestados, n\u00e3o sublinha a import\u00e2ncia dada a assist\u00eancia e \u00e0 garantia, n\u00e3o destaca a capacidade de resposta, que s\u00e3o o apan\u00e1gio da MAQUINOURO. Isto tudo o nome n\u00e3o pode deixar adivinhar, mas quem conhece e lida com a empresa sabe que prima pelo profissionalismo. N\u00e3o e por acaso que o n\u00famero de clientes vem crescendo ao longo dos \u00faltimos anos, desde que a empresa foi adquirida em 1993, pelo seu atual propriet\u00e1rio, Armando Ferreira, que com uma gest\u00e3o rigorosa e atrav\u00e9s de elevados investimentos conseguiu recuperar a empresa da situa\u00e7\u00e3o grave que a firma se encontrava na altura da aquisi\u00e7\u00e3o. Sendo a MAQUINOURO localizada inicialmente na Rua Dr. Francisco S\u00e1 Carneiro, 220 Gondomar, em 2001 foi necess\u00e1rio, devido ao crescimento verificado nos \u00faltimos anos, abrir um novo estabelecimento comercial na Rua Eng. Adelino Amaro da Costa, 1140-1144, onde se encontram o atendimento ao p\u00fablico, armaz\u00e9m e oficina para repara\u00e7\u00f5es. Este novo estabelecimento \u00e8 um meio precioso para corresponder melhor as necessidades impostas pelo mercado e, assim continuar um projeto de expans\u00e3o que vem sendo bem conseguido, sendo esse sucesso sustentado pela satisfa\u00e7\u00e3o dos clientes. De resto a empresa procura servir com Honestidade, Prontid\u00e3o, Sabedoria e Dedica\u00e7\u00e3o.<\/p>\n<p>[\/vc_column_text][\/vc_column][\/vc_row][vc_row bg_type=&#8221;grad&#8221; bg_override=&#8221;full&#8221; bg_grad=&#8221;background: -webkit-gradient(linear, left top, left bottom, color-stop(0%, #F0C362), color-stop(100%, #CF9C36));background: -moz-linear-gradient(top,#F0C362 0%,#CF9C36 100%);background: -webkit-linear-gradient(top,#F0C362 0%,#CF9C36 100%);background: -o-linear-gradient(top,#F0C362 0%,#CF9C36 100%);background: -ms-linear-gradient(top,#F0C362 0%,#CF9C36 100%);background: linear-gradient(top,#F0C362 0%,#CF9C36 100%);&#8221;][vc_column width=&#8221;1\/4&#8243;][vc_single_image image=&#8221;94&#8243; img_size=&#8221;full&#8221; alignment=&#8221;center&#8221;][\/vc_column][vc_column width=&#8221;1\/4&#8243;][vc_single_image image=&#8221;95&#8243; img_size=&#8221;full&#8221; alignment=&#8221;center&#8221;][\/vc_column][vc_column width=&#8221;1\/4&#8243;][vc_single_image image=&#8221;96&#8243; img_size=&#8221;full&#8221; alignment=&#8221;center&#8221;][\/vc_column][vc_column width=&#8221;1\/4&#8243;][vc_single_image image=&#8221;97&#8243; img_size=&#8221;full&#8221; alignment=&#8221;center&#8221;][\/vc_column][\/vc_row][vc_row][vc_column width=&#8221;1\/3&#8243;][vc_column_text]<\/p>\n<h2><strong>Showroom<\/strong><\/h2>\n<h3><span style=\"color: #d6b56e;\">venha conhecer-nos<\/span><\/h3>\n<p>[\/vc_column_text][vc_single_image image=&#8221;39&#8243; img_size=&#8221;full&#8221; alignment=&#8221;center&#8221;][vc_column_text]<\/p>\n<p style=\"text-align: justify;\">Temos ao seu dispor um showroom completo onde pode ver e testar o funcionamento de todos os artigos em cat\u00e1logo. Esteja \u00e0 vontade para nos visitar e ver por si a qualidade dos nossos produtos.<\/p>\n<p>[\/vc_column_text][\/vc_column][vc_column width=&#8221;1\/3&#8243;][vc_column_text]<\/p>\n<h2><strong>Gama Completa<\/strong><\/h2>\n<h3><span style=\"color: #d6b56e;\">vasta gama de equipamentos<\/span><\/h3>\n<p>[\/vc_column_text][vc_single_image image=&#8221;40&#8243; img_size=&#8221;full&#8221; alignment=&#8221;center&#8221;][vc_column_text]<\/p>\n<p style=\"text-align: justify;\">Na Maquinouro temos disponivel para si uma vasta gama de produtos para que possa contar sempre com a melhor ferramenta para o seu trabalho. A nossa equipa de p\u00f3s-venda est\u00e1 ao seu dispor ap\u00f3s aquisi\u00e7\u00e3o dos nossos equipamentos.<\/p>\n<p>[\/vc_column_text][\/vc_column][vc_column width=&#8221;1\/3&#8243;][vc_column_text]<\/p>\n<h2><strong>Pre\u00e7os Competitivos<\/strong><\/h2>\n<h3><span style=\"color: #d6b56e;\">os melhores do mercado<\/span><\/h3>\n<p>[\/vc_column_text][vc_single_image image=&#8221;41&#8243; img_size=&#8221;full&#8221; alignment=&#8221;center&#8221;][vc_column_text]<\/p>\n<p style=\"text-align: justify;\">Consulte-nos para obter or\u00e7amento relativo ao equipamento que necessita, temos uma vasta gama de solu\u00e7\u00f5es e estamos empenhados em oferecer-lhe o melhor pre\u00e7o\/qualidade.<\/p>\n<p>[\/vc_column_text][\/vc_column][\/vc_row][vc_row el_id=&#8221;produtos&#8221;][vc_column][vc_column_text]<\/p>\n<h2 style=\"text-align: center;\"><strong>Distribuidores das Marcas<\/strong><\/h2>\n<h3 style=\"text-align: center;\"><span style=\"color: #d6b56e;\">contacte-nos para outras marcas<\/span><\/h3>\n<p>[\/vc_column_text][vc_row_inner equal_height=&#8221;yes&#8221; content_placement=&#8221;middle&#8221;][vc_column_inner width=&#8221;1\/6&#8243;][vc_single_image image=&#8221;44&#8243; img_size=&#8221;full&#8221; alignment=&#8221;center&#8221;][\/vc_column_inner][vc_column_inner width=&#8221;1\/6&#8243;][vc_single_image image=&#8221;45&#8243; img_size=&#8221;full&#8221; alignment=&#8221;center&#8221;][\/vc_column_inner][vc_column_inner width=&#8221;1\/6&#8243;][vc_single_image image=&#8221;48&#8243; img_size=&#8221;full&#8221; alignment=&#8221;center&#8221;][\/vc_column_inner][vc_column_inner width=&#8221;1\/6&#8243;][vc_single_image image=&#8221;49&#8243; img_size=&#8221;full&#8221; alignment=&#8221;center&#8221;][\/vc_column_inner][vc_column_inner width=&#8221;1\/6&#8243;][vc_single_image image=&#8221;50&#8243; img_size=&#8221;full&#8221; alignment=&#8221;center&#8221;][\/vc_column_inner][vc_column_inner width=&#8221;1\/6&#8243;][vc_single_image image=&#8221;51&#8243; img_size=&#8221;full&#8221; alignment=&#8221;center&#8221;][\/vc_column_inner][\/vc_row_inner][\/vc_column][\/vc_row][vc_row full_width=&#8221;stretch_row&#8221; gap=&#8221;10&#8243; equal_height=&#8221;yes&#8221; bg_type=&#8221;image&#8221; parallax_style=&#8221;vcpb-default&#8221; bg_image_new=&#8221;id^32|url^https:\/\/maquinouro.pt\/novosite\/wp-content\/uploads\/2020\/04\/20200413_200802_resized-scaled.jpg|caption^null|alt^null|title^20200413_200802_resized|description^null&#8221; bg_image_repeat=&#8221;no-repeat&#8221; bg_img_attach=&#8221;fixed&#8221; bg_override=&#8221;full&#8221; css=&#8221;.vc_custom_1586974491459{padding-top: 50px !important;padding-bottom: 50px !important;}&#8221;][vc_column width=&#8221;2\/3&#8243; css=&#8221;.vc_custom_1586974563613{background-color: rgba(255,255,255,0.95) !important;*background-color: rgb(255,255,255) !important;}&#8221;][vc_column_text]<\/p>\n<h2 style=\"text-align: center;\"><strong>Produtos <\/strong><\/h2>\n<h3 style=\"text-align: center;\"><span style=\"color: #d6b56e;\">contacte-nos para outros equipamentos<\/span><\/h3>\n<p>[\/vc_column_text][vc_tta_tabs style=&#8221;modern&#8221; shape=&#8221;square&#8221; color=&#8221;orange&#8221; alignment=&#8221;center&#8221; active_section=&#8221;1&#8243;][vc_tta_section title=&#8221;Mobili\u00e1rio&#8221; tab_id=&#8221;1586945862857-6b7016ea-716c&#8221;][vc_row_inner][vc_column_inner width=&#8221;1\/2&#8243;][vc_btn title=&#8221;BROCHURA BANCA DE CRAVA\u00c7\u00c3O ITALIA&#8221; color=&#8221;primary&#8221; link=&#8221;url:https%3A%2F%2Fmaquinouro.pt%2Fnovosite%2Fwp-content%2Fuploads%2F2020%2F04%2FBROCHURA-BANCA-DE-CRAVA%C3%87%C3%83O-ITALIA.pdf||target:%20_blank|&#8221;][vc_btn title=&#8221;BROCHURA BANCA DE TRABALHO 1 POSTO NC C_ILUMINA\u00c7\u00c3O&#8221; color=&#8221;primary&#8221; link=&#8221;url:https%3A%2F%2Fmaquinouro.pt%2Fnovosite%2Fwp-content%2Fuploads%2F2020%2F04%2FBROCHURA-BANCA-DE-TRABALHO-1-POSTO-NC-C_ILUMINA%C3%87%C3%83O.pdf||target:%20_blank|&#8221;][vc_btn title=&#8221;BROCHURA CANDEEIRO DE BANCADA&#8221; color=&#8221;primary&#8221; link=&#8221;url:https%3A%2F%2Fmaquinouro.pt%2Fnovosite%2Fwp-content%2Fuploads%2F2020%2F04%2FBROCHURA-CANDEEIRO-DE-BANCADA.pdf||target:%20_blank|&#8221;][\/vc_column_inner][vc_column_inner width=&#8221;1\/2&#8243;][\/vc_column_inner][\/vc_row_inner][\/vc_tta_section][vc_tta_section title=&#8221;Ferramentas&#8221; tab_id=&#8221;1586945862918-e57c86de-48db&#8221;][vc_row_inner][vc_column_inner width=&#8221;1\/2&#8243;][vc_btn title=&#8221;BROCHURA ADASTRAS PARA PULSEIRAS FABRICO ITALIANO&#8221; color=&#8221;primary&#8221; link=&#8221;url:https%3A%2F%2Fmaquinouro.pt%2Fnovosite%2Fwp-content%2Fuploads%2F2020%2F04%2FBROCHURA-ADASTRAS-PARA-PULSEIRAS-FABRICO-ITALIANO.pdf||target:%20_blank|&#8221;][\/vc_column_inner][vc_column_inner width=&#8221;1\/2&#8243;][\/vc_column_inner][\/vc_row_inner][\/vc_tta_section][vc_tta_section title=&#8221;M\u00e1quinas&#8221; tab_id=&#8221;1586945905577-d71106e1-daff&#8221;][vc_row_inner][vc_column_inner width=&#8221;1\/3&#8243;][vc_btn title=&#8221;BROCHURA PUK 4.1&#8243; color=&#8221;primary&#8221; link=&#8221;url:https%3A%2F%2Fmaquinouro.pt%2Fnovosite%2Fwp-content%2Fuploads%2F2020%2F04%2FBROCHURA-PUK-4.1.pdf||target:%20_blank|&#8221;][vc_btn title=&#8221;BROCHURA ULTRA-SONS ESTMON 3.5LT(COD.13090135)&#8221; color=&#8221;primary&#8221; link=&#8221;url:https%3A%2F%2Fmaquinouro.pt%2Fnovosite%2Fwp-content%2Fuploads%2F2020%2F04%2FBROCHURA-ULTRA-SONS-ESTMON-3.5LTCOD.13090135.pdf||target:%20_blank|&#8221;][vc_btn title=&#8221;BROCHURA ULTRA-SONS ESTMON 6.5LT(COD.13090165)&#8221; color=&#8221;primary&#8221; link=&#8221;url:https%3A%2F%2Fmaquinouro.pt%2Fnovosite%2Fwp-content%2Fuploads%2F2020%2F04%2FBROCHURA-ULTRA-SONS-ESTMON-6.5LTCOD.13090165.pdf||target:%20_blank|&#8221;][\/vc_column_inner][vc_column_inner width=&#8221;2\/3&#8243;][\/vc_column_inner][\/vc_row_inner][\/vc_tta_section][vc_tta_section title=&#8221;Consumiveis&#8221; tab_id=&#8221;1586945928322-b0fff847-d8ea&#8221;][vc_row_inner][vc_column_inner width=&#8221;1\/2&#8243;][vc_btn title=&#8221;BROCHURA EQUIPAMENTOS PARA TESTE DE METAIS PRECISOS&#8221; color=&#8221;primary&#8221; link=&#8221;url:https%3A%2F%2Fmaquinouro.pt%2Fnovosite%2Fwp-content%2Fuploads%2F2020%2F04%2FBROCHURA-EQUIPAMENTOS-PARA-TESTE-DE-METAIS-PRECISOS.pdf||target:%20_blank|&#8221;][\/vc_column_inner][vc_column_inner width=&#8221;1\/2&#8243;][\/vc_column_inner][\/vc_row_inner][\/vc_tta_section][vc_tta_section title=&#8221;Oportunidades \/ Usados&#8221; tab_id=&#8221;1586945950975-937a1403-b705&#8243;][\/vc_tta_section][\/vc_tta_tabs][\/vc_column][vc_column width=&#8221;1\/3&#8243; css=&#8221;.vc_custom_1586974572513{background-color: rgba(255,255,255,0.95) !important;*background-color: rgb(255,255,255) !important;}&#8221;][vc_column_text]<\/p>\n<h2 style=\"text-align: center;\"><strong>Cat\u00e1logos de Marca<\/strong><\/h2>\n<p>[\/vc_column_text][vc_separator color=&#8221;orange&#8221; border_width=&#8221;3&#8243; el_width=&#8221;50&#8243;][vc_single_image image=&#8221;49&#8243; img_size=&#8221;full&#8221; alignment=&#8221;center&#8221; style=&#8221;vc_box_shadow_3d&#8221; onclick=&#8221;custom_link&#8221; link=&#8221;http:\/\/maquinouro.pt\/novosite\/wp-content\/uploads\/Catalogo%20ferramentas%20MDM.pdf&#8221;][vc_single_image image=&#8221;45&#8243; img_size=&#8221;full&#8221; alignment=&#8221;center&#8221; style=&#8221;vc_box_shadow_3d&#8221; onclick=&#8221;custom_link&#8221; link=&#8221;http:\/\/maquinouro.pt\/novosite\/wp-content\/uploads\/Catalogo%20Ferramentas%20de%20Crava%C3%A7%C3%A3o%20%20GRS%202015.pdf&#8221;][vc_single_image image=&#8221;51&#8243; img_size=&#8221;full&#8221; alignment=&#8221;center&#8221; style=&#8221;vc_box_shadow_3d&#8221; onclick=&#8221;custom_link&#8221; link=&#8221;http:\/\/maquinouro.pt\/novosite\/wp-content\/uploads\/Catalogo%20Limas%20Vallorbe.pdf&#8221;][\/vc_column][\/vc_row][vc_row equal_height=&#8221;yes&#8221; css=&#8221;.vc_custom_1587051628771{padding-top: 75px !important;}&#8221; el_id=&#8221;contactos&#8221;][vc_column width=&#8221;1\/3&#8243;][vc_gmaps link=&#8221;#E-8_JTNDaWZyYW1lJTIwc3JjJTNEJTIyaHR0cHMlM0ElMkYlMkZ3d3cuZ29vZ2xlLmNvbSUyRm1hcHMlMkZlbWJlZCUzRnBiJTNEJTIxMW0xOCUyMTFtMTIlMjExbTMlMjExZDE1NjU4ODMuMjQ1MTkyMjgwNSUyMTJkLTEwLjAyNTE2NDY2OTI1OTc5NiUyMTNkMzkuOTU1NTc1NDU1MzMxNDg0JTIxMm0zJTIxMWYwJTIxMmYwJTIxM2YwJTIxM20yJTIxMWkxMDI0JTIxMmk3NjglMjE0ZjEzLjElMjEzbTMlMjExbTIlMjExczB4ZDI0NjMxZGE0NzliMWFiJTI1M0EweDgxN2EzOTcxMWI3NmVkMWMlMjEyc01hcXVpbm91cm8lMjE1ZTAlMjEzbTIlMjExc3B0LVBUJTIxMnN1ayUyMTR2MTU4Njg4OTcyNjQ5MCUyMTVtMiUyMTFzcHQtUFQlMjEyc3VrJTIyJTIwd2lkdGglM0QlMjI2MDAlMjIlMjBoZWlnaHQlM0QlMjI0NTAlMjIlMjBmcmFtZWJvcmRlciUzRCUyMjAlMjIlMjBzdHlsZSUzRCUyMmJvcmRlciUzQTAlM0IlMjIlMjBhbGxvd2Z1bGxzY3JlZW4lM0QlMjIlMjIlMjBhcmlhLWhpZGRlbiUzRCUyMmZhbHNlJTIyJTIwdGFiaW5kZXglM0QlMjIwJTIyJTNFJTNDJTJGaWZyYW1lJTNF&#8221; size=&#8221;300&#8243;][vc_column_text]<\/p>\n<h3><strong><span style=\"color: #d6b56e;\">Gondomar<\/span><\/strong><\/h3>\n<p>Rua Eng. Adelino Amaro da Costa, 1140\/1144<br \/>\n4420-005 Gondomar<\/p>\n<p>Tel. 224 835 551 \/ 224 636 569<br \/>\nTlm. 918 410 944<br \/>\nEmail : <a href=\"mailto:info@maquinouro.pt\">info@maquinouro.pt<\/a><\/p>\n<p><strong>Hor\u00e1rio de Funcionamento<\/strong><\/p>\n<p>Segunda a Sexta-Feira<br \/>\nManh\u00e3 : 9:00 &#8211; 12:30h<br \/>\nTarde : 14:00 &#8211; 18:30h[\/vc_column_text][\/vc_column][vc_column width=&#8221;1\/3&#8243;][vc_gmaps link=&#8221;#E-8_JTNDaWZyYW1lJTIwc3JjJTNEJTIyaHR0cHMlM0ElMkYlMkZ3d3cuZ29vZ2xlLmNvbSUyRm1hcHMlMkZlbWJlZCUzRnBiJTNEJTIxMW0xOCUyMTFtMTIlMjExbTMlMjExZDE1NjYwMzQuMDA3ODQ1NDY4OCUyMTJkLTEwLjAyNTE4MTg0ODYxODQ2NiUyMTNkMzkuOTQ4OTkwNDMzMjUyNjQ2JTIxMm0zJTIxMWYwJTIxMmYwJTIxM2YwJTIxM20yJTIxMWkxMDI0JTIxMmk3NjglMjE0ZjEzLjElMjEzbTMlMjExbTIlMjExczB4ZDFlY2Q4MjQ2NWYwNTA1JTI1M0EweGY5YjI2NmI0YjQ5ZGU3MDklMjEyc01hcXVpbm91cm8lMjUyMExpc2JvYSUyMTVlMCUyMTNtMiUyMTFzcHQtUFQlMjEyc3VrJTIxNHYxNTg2ODg5NzU2NTc1JTIxNW0yJTIxMXNwdC1QVCUyMTJzdWslMjIlMjB3aWR0aCUzRCUyMjYwMCUyMiUyMGhlaWdodCUzRCUyMjQ1MCUyMiUyMGZyYW1lYm9yZGVyJTNEJTIyMCUyMiUyMHN0eWxlJTNEJTIyYm9yZGVyJTNBMCUzQiUyMiUyMGFsbG93ZnVsbHNjcmVlbiUzRCUyMiUyMiUyMGFyaWEtaGlkZGVuJTNEJTIyZmFsc2UlMjIlMjB0YWJpbmRleCUzRCUyMjAlMjIlM0UlM0MlMkZpZnJhbWUlM0U=&#8221; size=&#8221;300&#8243;][vc_column_text]<\/p>\n<h3><strong><span style=\"color: #d6b56e;\">Belas\/Lisboa<\/span><\/strong><\/h3>\n<p>Rua Dona Filipa Lencastre, n\u00ba41 B Loja Dta. &#8211; Casal da Barota<br \/>\n2605-240 Belas<\/p>\n<p>Pessoa Respons\u00e1vel: Paulo Alves<br \/>\nTel. 210198714<br \/>\nTlm. 965025246<br \/>\nEmail : <a href=\"mailto:filiallisboa@maquinouro.pt\">filiallisboa@maquinouro.pt<\/a><\/p>\n<p><strong>Hor\u00e1rio de Funcionamento<\/strong><\/p>\n<p>2\u00aa a 5\u00aaFeira : 9:30 &#8211; 13:00 \/ 14:30 &#8211; 18:00<br \/>\n6\u00aaFeira : Encerrado (Servi\u00e7o Exterior)<br \/>\nS\u00e1bado : 10:00 &#8211; 13:00<br \/>\n*Encerra Domingos e Feriados[\/vc_column_text][\/vc_column][vc_column width=&#8221;1\/3&#8243; css=&#8221;.vc_custom_1586890183424{background-color: #d6b56e !important;}&#8221;][vc_column_text]<\/p>\n<h3 style=\"text-align: center;\"><strong><span style=\"color: #ffffff;\">FORMUL\u00c1RIO DE CONTACTO<\/span><\/strong><\/h3>\n<p>[\/vc_column_text]\n<div class=\"wpcf7 no-js\" id=\"wpcf7-f75-o1\" lang=\"pt-PT\" dir=\"ltr\" data-wpcf7-id=\"75\">\n<div class=\"screen-reader-response\"><p role=\"status\" aria-live=\"polite\" aria-atomic=\"true\"><\/p> <ul><\/ul><\/div>\n<form action=\"\/novosite\/wp-json\/wp\/v2\/pages\/27#wpcf7-f75-o1\" method=\"post\" class=\"wpcf7-form init\" aria-label=\"Formul\u00e1rio de contacto\" novalidate=\"novalidate\" data-status=\"init\">\n<div style=\"display: none;\">\n<input type=\"hidden\" name=\"_wpcf7\" value=\"75\" \/>\n<input type=\"hidden\" name=\"_wpcf7_version\" value=\"6.0.6\" \/>\n<input type=\"hidden\" name=\"_wpcf7_locale\" value=\"pt_PT\" \/>\n<input type=\"hidden\" name=\"_wpcf7_unit_tag\" value=\"wpcf7-f75-o1\" \/>\n<input type=\"hidden\" name=\"_wpcf7_container_post\" value=\"0\" \/>\n<input type=\"hidden\" name=\"_wpcf7_posted_data_hash\" value=\"\" \/>\n<\/div>\n<p><label> O seu nome (obrigat\u00f3rio)<br \/>\n<span class=\"wpcf7-form-control-wrap\" data-name=\"your-name\"><input size=\"40\" maxlength=\"400\" class=\"wpcf7-form-control wpcf7-text wpcf7-validates-as-required\" aria-required=\"true\" aria-invalid=\"false\" value=\"\" type=\"text\" name=\"your-name\" \/><\/span> <\/label>\n<\/p>\n<p><label> O seu email (obrigat\u00f3rio)<br \/>\n<span class=\"wpcf7-form-control-wrap\" data-name=\"your-email\"><input size=\"40\" maxlength=\"400\" class=\"wpcf7-form-control wpcf7-email wpcf7-validates-as-required wpcf7-text wpcf7-validates-as-email\" aria-required=\"true\" aria-invalid=\"false\" value=\"\" type=\"email\" name=\"your-email\" \/><\/span> <\/label>\n<\/p>\n<p><label> Assunto<br \/>\n<span class=\"wpcf7-form-control-wrap\" data-name=\"your-subject\"><input size=\"40\" maxlength=\"400\" class=\"wpcf7-form-control wpcf7-text\" aria-invalid=\"false\" value=\"\" type=\"text\" name=\"your-subject\" \/><\/span> <\/label>\n<\/p>\n<p><label> A sua mensagem<br \/>\n<span class=\"wpcf7-form-control-wrap\" data-name=\"your-message\"><textarea cols=\"40\" rows=\"10\" maxlength=\"2000\" class=\"wpcf7-form-control wpcf7-textarea\" aria-invalid=\"false\" name=\"your-message\"><\/textarea><\/span> <\/label>\n<\/p>\n<p><span class=\"wpcf7-form-control-wrap\" data-name=\"acceptance-908\"><span class=\"wpcf7-form-control wpcf7-acceptance\"><span class=\"wpcf7-list-item\"><input type=\"checkbox\" name=\"acceptance-908\" value=\"1\" aria-invalid=\"false\" \/><\/span><\/span><\/span>Li e aceito a <a href=\"https:\/\/maquinouro.pt\/novosite\/politica_de_privacidade\/\" target=\"_blank\"><b>politica de privacidade.<\/b><\/a>\n<\/p>\n<p><input class=\"wpcf7-form-control wpcf7-submit has-spinner\" type=\"submit\" value=\"Enviar\" \/>\n<\/p><p style=\"display: none !important;\" class=\"akismet-fields-container\" data-prefix=\"_wpcf7_ak_\"><label>&#916;<textarea name=\"_wpcf7_ak_hp_textarea\" cols=\"45\" rows=\"8\" maxlength=\"100\"><\/textarea><\/label><input type=\"hidden\" id=\"ak_js_1\" name=\"_wpcf7_ak_js\" value=\"175\"\/><script>document.getElementById( \"ak_js_1\" ).setAttribute( \"value\", ( new Date() ).getTime() );<\/script><\/p><div class=\"wpcf7-response-output\" aria-hidden=\"true\"><\/div>\n<\/form>\n<\/div>\n[\/vc_column][\/vc_row][vc_row full_width=&#8221;stretch_row_content_no_spaces&#8221; content_placement=&#8221;middle&#8221; css=&#8221;.vc_custom_1586891339810{margin-top: 50px !important;margin-bottom: -75px !important;}&#8221;][vc_column width=&#8221;1\/3&#8243;][\/vc_column][vc_column width=&#8221;1\/3&#8243;][vc_single_image image=&#8221;70&#8243; img_size=&#8221;full&#8221; alignment=&#8221;center&#8221; onclick=&#8221;custom_link&#8221; img_link_target=&#8221;_blank&#8221; image_hovers=&#8221;false&#8221; link=&#8221;https:\/\/www.livroreclamacoes.pt\/inicio\/reclamacao&#8221;][\/vc_column][vc_column width=&#8221;1\/3&#8243;][\/vc_column][\/vc_row]<\/p>\n","protected":false},"excerpt":{"rendered":"<p>[vc_row el_id=&#8221;maquinouro&#8221;][vc_column width=&#8221;1\/3&#8243;][vc_single_image image=&#8221;34&#8243; img_size=&#8221;full&#8221;][\/vc_column][vc_column width=&#8221;2\/3&#8243;][vc_column_text] H\u00e1 nomes de empresas que dizem quase tudo sobre o que estas s\u00e3o e fazem. A MAQUINOURO e assim. Como facilmente se depreende, dedica-se \u00e0 comercializa\u00e7\u00e3o de m\u00e1quinas e ferramentas para a ind\u00fastria de ourivesaria e joalharia. Mas h\u00e1 muitas coisas que o nome n\u00e3o diz, n\u00e3o fala da&hellip;<\/p>\n","protected":false},"author":1,"featured_media":0,"parent":0,"menu_order":0,"comment_status":"closed","ping_status":"closed","template":"template-microsite.php","meta":[],"class_list":["post-27","page","type-page","status-publish","hentry","description-off"],"_links":{"self":[{"href":"https:\/\/maquinouro.pt\/novosite\/wp-json\/wp\/v2\/pages\/27","targetHints":{"allow":["GET"]}}],"collection":[{"href":"https:\/\/maquinouro.pt\/novosite\/wp-json\/wp\/v2\/pages"}],"about":[{"href":"https:\/\/maquinouro.pt\/novosite\/wp-json\/wp\/v2\/types\/page"}],"author":[{"embeddable":true,"href":"https:\/\/maquinouro.pt\/novosite\/wp-json\/wp\/v2\/users\/1"}],"replies":[{"embeddable":true,"href":"https:\/\/maquinouro.pt\/novosite\/wp-json\/wp\/v2\/comments?post=27"}],"version-history":[{"count":80,"href":"https:\/\/maquinouro.pt\/novosite\/wp-json\/wp\/v2\/pages\/27\/revisions"}],"predecessor-version":[{"id":145,"href":"https:\/\/maquinouro.pt\/novosite\/wp-json\/wp\/v2\/pages\/27\/revisions\/145"}],"wp:attachment":[{"href":"https:\/\/maquinouro.pt\/novosite\/wp-json\/wp\/v2\/media?parent=27"}],"curies":[{"name":"wp","href":"https:\/\/api.w.org\/{rel}","templated":true}]}}